{"id":16,"date":"2014-09-04T23:33:51","date_gmt":"2014-09-04T21:33:51","guid":{"rendered":"http:\/\/yogabrugg.ch\/?page_id=16"},"modified":"2026-02-09T17:56:25","modified_gmt":"2026-02-09T15:56:25","slug":"lehrerin","status":"publish","type":"page","link":"https:\/\/yogabrugg.ch\/?page_id=16","title":{"rendered":"Barbara Kopp"},"content":{"rendered":"<p>Seit 2006 \u00fcbe ich Iyengar Yoga. Anf\u00e4nglich als Unterst\u00fctzung f\u00fcr meinen R\u00fccken gedacht, wurde die selbst\u00e4ndige Praxis immer wichtiger. Von 2009\u20132012 habe ich die Ausbildung zur Iyengar Yoga-Lehrerin bei Wilfrid Schichl in Bern durchlaufen und bin seit 2012 zertifizierte Iyengar Yogalehrerin. Regelm\u00e4ssig bilde ich mich bei verschiedenen Lehrern an Workshops und Seminaren weiter (u.a. Vasili Vlachos, Glenn Ceresoli, Billy Konrad). Aufenthalt am RIMYI Iyengar Yoga Institut in Pune\/Indien im September 2013.<br \/>\nSeit 2011 unterrichte ich Yogastunden in Baden, Winterthur, Z\u00fcrich und Brugg.<br \/>\n2021\/2022 Reiki 1, 2a, 2b, 3a Martina Eberle Bern.<\/p>\n<p><span style=\"color: #993300;\"><em>&#8222;The primary aim of yoga is to restore the mind to simplicity and peace,\u00a0<\/em><\/span><em><span style=\"color: #993300;\">and free it from<\/span>\u00a0<\/em><em style=\"color: #993300; line-height: 1.714285714; font-size: 1rem;\">confusion and distress.&#8220;\u00a0<\/em><span style=\"color: #993300;\"><em style=\"line-height: 1.714285714; font-size: 1rem;\">B.K.S. Iyengar<\/em><\/span><\/p>\n<p><span style=\"color: #993300;\">\u00a0<\/span><\/p>\n","protected":false},"excerpt":{"rendered":"<p>Seit 2006 \u00fcbe ich Iyengar Yoga. Anf\u00e4nglich als Unterst\u00fctzung f\u00fcr meinen R\u00fccken gedacht, wurde die selbst\u00e4ndige Praxis immer wichtiger. Von 2009\u20132012 habe ich die Ausbildung zur Iyengar Yoga-Lehrerin bei Wilfrid Schichl in Bern durchlaufen und bin seit 2012 zertifizierte Iyengar Yogalehrerin. Regelm\u00e4ssig bilde ich mich bei verschiedenen Lehrern an Workshops und Seminaren weiter (u.a. Vasili [&hellip;]<\/p>\n","protected":false},"author":1,"featured_media":1846,"parent":0,"menu_order":0,"comment_status":"closed","ping_status":"closed","template":"page-templates\/front-page.php","meta":[],"_links":{"self":[{"href":"https:\/\/yogabrugg.ch\/index.php?rest_route=\/wp\/v2\/pages\/16"}],"collection":[{"href":"https:\/\/yogabrugg.ch\/index.php?rest_route=\/wp\/v2\/pages"}],"about":[{"href":"https:\/\/yogabrugg.ch\/index.php?rest_route=\/wp\/v2\/types\/page"}],"author":[{"embeddable":true,"href":"https:\/\/yogabrugg.ch\/index.php?rest_route=\/wp\/v2\/users\/1"}],"replies":[{"embeddable":true,"href":"https:\/\/yogabrugg.ch\/index.php?rest_route=%2Fwp%2Fv2%2Fcomments&post=16"}],"version-history":[{"count":40,"href":"https:\/\/yogabrugg.ch\/index.php?rest_route=\/wp\/v2\/pages\/16\/revisions"}],"predecessor-version":[{"id":2371,"href":"https:\/\/yogabrugg.ch\/index.php?rest_route=\/wp\/v2\/pages\/16\/revisions\/2371"}],"wp:featuredmedia":[{"embeddable":true,"href":"https:\/\/yogabrugg.ch\/index.php?rest_route=\/wp\/v2\/media\/1846"}],"wp:attachment":[{"href":"https:\/\/yogabrugg.ch\/index.php?rest_route=%2Fwp%2Fv2%2Fmedia&parent=16"}],"curies":[{"name":"wp","href":"https:\/\/api.w.org\/{rel}","templated":true}]}}